{"id":152,"date":"2014-02-13T12:06:46","date_gmt":"2014-02-13T11:06:46","guid":{"rendered":"http:\/\/www.gsr-consulting.at\/?page_id=152"},"modified":"2021-01-13T12:12:02","modified_gmt":"2021-01-13T11:12:02","slug":"leistungen","status":"publish","type":"page","link":"https:\/\/www.gsr-consulting.at\/?page_id=152","title":{"rendered":"LEISTUNGEN IN DER BERATUNG"},"content":{"rendered":"<p>Die eingebrachten Leistungen, der richtige Beratungsansatz fokussiert auf ihre Ausgangssituation, Herausforderungen und Dringlichkeiten.<\/p>\n<ul>\n<li><span style=\"color: #6b8e23;\"><a style=\"color: #6b8e23;\" title=\"Lean Management Consulting\" href=\"httpss:\/\/www.gsr-consulting.at\/?page_id=20\"><strong><span style=\"color: #4b734b;\">LEAN MANAGEMENT SYSTEMCONSULTING<\/span><\/strong><\/a><\/span><\/li>\n<li><span style=\"color: #4b734b;\"><a style=\"color: #4b734b;\" title=\"Organisationsentwicklung\" href=\"httpss:\/\/www.gsr-consulting.at\/?page_id=225\"><strong style=\"color: #4b734b;\">KVP- UND ORGANISATIONSENTWICKLUNG<\/strong><\/a><\/span><\/li>\n<li><span style=\"color: #4b734b;\"><a style=\"color: #4b734b;\" title=\"Lean Prozessentwicklung\" href=\"httpss:\/\/www.gsr-consulting.at\/?page_id=109\"><strong>PROZESSOPTIMIERUNG DURCH WORKSHOPS<\/strong><\/a><\/span><\/li>\n<li><span style=\"color: #4b734b;\"><a style=\"color: #4b734b;\" title=\"F\u00fchrungskr\u00e4fteentwicklung\" href=\"httpss:\/\/www.gsr-consulting.at\/?page_id=232\"><strong>F\u00dcHRUNGSBILD- UND F\u00dcHRUNGSKR\u00c4FTEENTWICKLUNG<\/strong><\/a><\/span><\/li>\n<li><span style=\"color: #4b734b;\"><a style=\"color: #4b734b;\" title=\"Lean \u2013 Training und Qualifizierung\" href=\"httpss:\/\/www.gsr-consulting.at\/?page_id=252\"><strong>TRAININGS UND BEGLEITUNG F\u00dcR AGILE, SELBSTORGANISIERTE TEAMS<\/strong><\/a><\/span><\/li>\n<li><span style=\"color: #4b734b;\"><strong><a style=\"color: #4b734b;\" href=\"httpss:\/\/www.gsr-consulting.at\/?page_id=917\">INNOVATION DURCH DIGITALE AUTOMATISIERUNG = INDUSTRIE 4.0<\/a><\/strong><\/span><\/li>\n<\/ul>\n\n\n<p><\/p>\n","protected":false},"excerpt":{"rendered":"<p>Die eingebrachten Leistungen, der richtige Beratungsansatz fokussiert auf ihre Ausgangssituation, Herausforderungen und Dringlichkeiten. LEAN MANAGEMENT SYSTEMCONSULTING KVP- UND ORGANISATIONSENTWICKLUNG PROZESSOPTIMIERUNG&hellip;<\/p>\n","protected":false},"author":1,"featured_media":1164,"parent":0,"menu_order":0,"comment_status":"closed","ping_status":"open","template":"","meta":{"footnotes":""},"class_list":["post-152","page","type-page","status-publish","has-post-thumbnail","hentry"],"_links":{"self":[{"href":"https:\/\/www.gsr-consulting.at\/index.php?rest_route=\/wp\/v2\/pages\/152","targetHints":{"allow":["GET"]}}],"collection":[{"href":"https:\/\/www.gsr-consulting.at\/index.php?rest_route=\/wp\/v2\/pages"}],"about":[{"href":"https:\/\/www.gsr-consulting.at\/index.php?rest_route=\/wp\/v2\/types\/page"}],"author":[{"embeddable":true,"href":"https:\/\/www.gsr-consulting.at\/index.php?rest_route=\/wp\/v2\/users\/1"}],"replies":[{"embeddable":true,"href":"https:\/\/www.gsr-consulting.at\/index.php?rest_route=%2Fwp%2Fv2%2Fcomments&post=152"}],"version-history":[{"count":40,"href":"https:\/\/www.gsr-consulting.at\/index.php?rest_route=\/wp\/v2\/pages\/152\/revisions"}],"predecessor-version":[{"id":1227,"href":"https:\/\/www.gsr-consulting.at\/index.php?rest_route=\/wp\/v2\/pages\/152\/revisions\/1227"}],"wp:featuredmedia":[{"embeddable":true,"href":"https:\/\/www.gsr-consulting.at\/index.php?rest_route=\/wp\/v2\/media\/1164"}],"wp:attachment":[{"href":"https:\/\/www.gsr-consulting.at\/index.php?rest_route=%2Fwp%2Fv2%2Fmedia&parent=152"}],"curies":[{"name":"wp","href":"https:\/\/api.w.org\/{rel}","templated":true}]}}