{"id":252,"date":"2014-02-13T20:41:46","date_gmt":"2014-02-13T19:41:46","guid":{"rendered":"http:\/\/www.gsr-consulting.at\/?page_id=252"},"modified":"2021-01-13T12:32:32","modified_gmt":"2021-01-13T11:32:32","slug":"lean-training-und-qualifizierung","status":"publish","type":"page","link":"https:\/\/www.gsr-consulting.at\/?page_id=252","title":{"rendered":"OPERATIVE TRAININGS"},"content":{"rendered":"\n<div class=\"wp-block-media-text alignwide has-media-on-the-right is-stacked-on-mobile is-vertically-aligned-top\"><figure class=\"wp-block-media-text__media\"><img loading=\"lazy\" decoding=\"async\" width=\"854\" height=\"853\" src=\"httpss:\/\/www.gsr-consulting.at\/wp-content\/uploads\/Trainingsverst.png\" alt=\"\" class=\"wp-image-900 size-full\" srcset=\"https:\/\/www.gsr-consulting.at\/wp-content\/uploads\/Trainingsverst.png 854w, https:\/\/www.gsr-consulting.at\/wp-content\/uploads\/Trainingsverst-150x150.png 150w, https:\/\/www.gsr-consulting.at\/wp-content\/uploads\/Trainingsverst-300x300.png 300w\" sizes=\"auto, (max-width: 854px) 100vw, 854px\" \/><\/figure><div class=\"wp-block-media-text__content\">\n<p><span style=\"color: #4b734b;\"><strong data-rich-text-format-boundary=\"true\">Operative Trainings<\/strong><\/span> vermitteln den teilnehmenden Mitarbeitern, F\u00fchrungskr\u00e4ften und Experten<span style=\"color: #4b734b;\"><strong> Wissen und Emotion <\/strong><\/span>indem<\/p>\n<ul id=\"block-e2b4ebf5-6709-4c3d-978c-0e588f08551d\" class=\"block-editor-rich-text__editable block-editor-block-list__block wp-block is-selected is-hovered rich-text\" tabindex=\"0\" role=\"group\" contenteditable=\"true\" aria-multiline=\"true\" aria-label=\"Block: Liste\" data-block=\"e2b4ebf5-6709-4c3d-978c-0e588f08551d\" data-type=\"core\/list\" data-title=\"Liste\">\n<li>sie eingeladen werden das Wissen unmittelbar im Seminar\/Workshop auszuprobieren,<\/li>\n<li>sie ermutigt werden Transferaufgaben im eigenen Umfeld aufzugreifen,<\/li>\n<li>sie bis zum&nbsp;erfolgreichen Abschluss begleitet werden und<\/li>\n<li>inspiriert werden sich Systeme, Regeln und Rituale zur st\u00e4ndigen Anwendung zu schaffen<\/li>\n<\/ul>\n<p>Der Trainingsinhalt orientiert sich nach dem Nutzen f\u00fcr den Teilnehmer und das Unternehmen. Ebenso wird vor dem Start kritisch besprochen ob oder wie die neuen F\u00e4higkeiten bestm\u00f6glich zur Anwendung kommen k\u00f6nnen.&nbsp;<\/p>\n\n\n\n<p><\/p>\n<\/div><\/div>\n\n\n\n<p><\/p>\n","protected":false},"excerpt":{"rendered":"<p>Operative Trainings vermitteln den teilnehmenden Mitarbeitern, F\u00fchrungskr\u00e4ften und Experten Wissen und Emotion indem sie eingeladen werden das Wissen unmittelbar im&hellip;<\/p>\n","protected":false},"author":1,"featured_media":1139,"parent":0,"menu_order":0,"comment_status":"closed","ping_status":"open","template":"","meta":{"footnotes":""},"class_list":["post-252","page","type-page","status-publish","has-post-thumbnail","hentry"],"_links":{"self":[{"href":"https:\/\/www.gsr-consulting.at\/index.php?rest_route=\/wp\/v2\/pages\/252","targetHints":{"allow":["GET"]}}],"collection":[{"href":"https:\/\/www.gsr-consulting.at\/index.php?rest_route=\/wp\/v2\/pages"}],"about":[{"href":"https:\/\/www.gsr-consulting.at\/index.php?rest_route=\/wp\/v2\/types\/page"}],"author":[{"embeddable":true,"href":"https:\/\/www.gsr-consulting.at\/index.php?rest_route=\/wp\/v2\/users\/1"}],"replies":[{"embeddable":true,"href":"https:\/\/www.gsr-consulting.at\/index.php?rest_route=%2Fwp%2Fv2%2Fcomments&post=252"}],"version-history":[{"count":14,"href":"https:\/\/www.gsr-consulting.at\/index.php?rest_route=\/wp\/v2\/pages\/252\/revisions"}],"predecessor-version":[{"id":1235,"href":"https:\/\/www.gsr-consulting.at\/index.php?rest_route=\/wp\/v2\/pages\/252\/revisions\/1235"}],"wp:featuredmedia":[{"embeddable":true,"href":"https:\/\/www.gsr-consulting.at\/index.php?rest_route=\/wp\/v2\/media\/1139"}],"wp:attachment":[{"href":"https:\/\/www.gsr-consulting.at\/index.php?rest_route=%2Fwp%2Fv2%2Fmedia&parent=252"}],"curies":[{"name":"wp","href":"https:\/\/api.w.org\/{rel}","templated":true}]}}