{"id":267,"date":"2014-02-13T20:54:21","date_gmt":"2014-02-13T19:54:21","guid":{"rendered":"http:\/\/www.gsr-consulting.at\/?page_id=267"},"modified":"2023-10-15T16:29:28","modified_gmt":"2023-10-15T15:29:28","slug":"partner-und-netzwerk","status":"publish","type":"page","link":"https:\/\/www.gsr-consulting.at\/?page_id=267","title":{"rendered":"PARTNER UND NETZWERK"},"content":{"rendered":"<p>Erfolgreiche Projekte gelingen mit ausgew\u00e4hlten Partnern und einem Netzwerk aus Experten.&nbsp;<\/p>\n\n\n<div class=\"wp-block-columns is-layout-flex wp-container-core-columns-is-layout-1 wp-block-columns-is-layout-flex\">\n<div class=\"wp-block-column is-layout-flow wp-block-column-is-layout-flow\" style=\"flex-basis:33.33%\"><div class=\"wp-block-image is-style-default\">\n<figure class=\"aligncenter size-full\"><img loading=\"lazy\" decoding=\"async\" width=\"602\" height=\"482\" src=\"https:\/\/www.gsr-consulting.at\/wp-content\/uploads\/JLI-1.png\" alt=\"\" class=\"wp-image-1339\" srcset=\"https:\/\/www.gsr-consulting.at\/wp-content\/uploads\/JLI-1.png 602w, https:\/\/www.gsr-consulting.at\/wp-content\/uploads\/JLI-1-300x240.png 300w\" sizes=\"auto, (max-width: 602px) 100vw, 602px\" \/><\/figure><\/div><\/div>\n\n\n\n<div class=\"wp-block-column is-layout-flow wp-block-column-is-layout-flow\" style=\"flex-basis:66.66%\">\n<p>JLI-Vision ist ein hochspezialisiertes Unternehmen zur ma\u00dfgeschneiderten Automatisierung von komplexen Inspektionsaufgaben mit 30-J\u00e4hriger Erfahrung in dieser Branche.<\/p>\n<p>JLI-Vision unterst\u00fctzt bei Industrie 4.0 &#8211; Initiativen unter Anwendung von Virtueller Intelligenz, 3D Hochgeschwindigkeitsinspektionen und Hyper-Spektral Technologie<\/p>\n<\/div>\n<\/div>\n\n\n\n<div class=\"wp-block-columns is-layout-flex wp-container-core-columns-is-layout-2 wp-block-columns-is-layout-flex\">\n<div class=\"wp-block-column is-layout-flow wp-block-column-is-layout-flow\" style=\"flex-basis:33.33%\"><div class=\"wp-block-image\">\n<figure class=\"aligncenter size-full\"><a href=\"https:\/\/www.gsr-consulting.at\/wp-content\/uploads\/SitzConsulting-2.png\"><img loading=\"lazy\" decoding=\"async\" width=\"160\" height=\"62\" src=\"https:\/\/www.gsr-consulting.at\/wp-content\/uploads\/SitzConsulting-2.png\" alt=\"\" class=\"wp-image-1337\"\/><\/a><\/figure><\/div>\n\n\n<figure class=\"wp-block-image\"><img decoding=\"async\" src=\"blob:https:\/\/www.gsr-consulting.at\/efad7d1e-4087-4ae8-968a-b162491e9a20\" alt=\"\"\/><\/figure>\n<\/div>\n\n\n\n<div class=\"wp-block-column is-layout-flow wp-block-column-is-layout-flow\" style=\"flex-basis:66.66%\">\n<p>Rupert Sitz ist seit 2006 eigenst\u00e4ndiger Unternehmensberater, Wirtschaftsmediator und Interimsmanager mit internationaler Industrie-Managementerfahrung.<\/p>\n<p>Rupert Sitz begleitet mich seit Jahren bei unternehmensweiten Change Projekten im Bereich der Projektkonzeption und Strategieentwicklung.<\/p>\n<\/div>\n<\/div>\n\n\n\n<div class=\"wp-block-columns is-layout-flex wp-container-core-columns-is-layout-3 wp-block-columns-is-layout-flex\">\n<div class=\"wp-block-column is-layout-flow wp-block-column-is-layout-flow\" style=\"flex-basis:33.33%\"><div class=\"wp-block-image\">\n<figure class=\"aligncenter size-full\"><a href=\"https:\/\/www.gsr-consulting.at\/wp-content\/uploads\/Outdoor-Leadership_Logo-1.jpg\"><img loading=\"lazy\" decoding=\"async\" width=\"150\" height=\"54\" src=\"https:\/\/www.gsr-consulting.at\/wp-content\/uploads\/Outdoor-Leadership_Logo-1.jpg\" alt=\"\" class=\"wp-image-1341\"\/><\/a><\/figure><\/div><\/div>\n\n\n\n<div class=\"wp-block-column is-layout-flow wp-block-column-is-layout-flow\" style=\"flex-basis:66.66%\">\n<p>Heli Putz fasziniert und inspiriert zu neuem F\u00fchrungsverst\u00e4ndnis. Er zeigt die&nbsp; Korrelationen der k\u00f6rperlichen Outdoor Erfahrungen mit den Abl\u00e4ufen und der Zusammenarbeit in Unternehmen auf und kreiert damit einen Ansto\u00df zum Wandel mit Achtsamkeit und Umsicht.<\/p>\n<\/div>\n<\/div>\n\n\n\n<div class=\"wp-block-columns is-layout-flex wp-container-core-columns-is-layout-4 wp-block-columns-is-layout-flex\">\n<div class=\"wp-block-column is-layout-flow wp-block-column-is-layout-flow\" style=\"flex-basis:33.33%\"><div class=\"wp-block-image\">\n<figure class=\"aligncenter size-full\"><a href=\"https:\/\/www.gsr-consulting.at\/wp-content\/uploads\/researchTub-1.png\"><img loading=\"lazy\" decoding=\"async\" width=\"177\" height=\"37\" src=\"https:\/\/www.gsr-consulting.at\/wp-content\/uploads\/researchTub-1.png\" alt=\"\" class=\"wp-image-1342\"\/><\/a><\/figure><\/div><\/div>\n\n\n\n<div class=\"wp-block-column is-layout-flow wp-block-column-is-layout-flow\" style=\"flex-basis:66.66%\">\n<p>Wenn innovative und wissenschaftliche L\u00f6sungen am letzten Stand der Fertigungstechnik erforderlich sind, ist die Zusammenarbeit mit dem Institut f\u00fcr Fertigungstechnologie der TU Wien Goldes wert.<\/p>\n<\/div>\n<\/div>\n\n\n\n<div class=\"wp-block-columns is-layout-flex wp-container-core-columns-is-layout-5 wp-block-columns-is-layout-flex\">\n<div class=\"wp-block-column is-layout-flow wp-block-column-is-layout-flow\" style=\"flex-basis:33.33%\"><div class=\"wp-block-image\">\n<figure class=\"aligncenter size-full\"><a href=\"https:\/\/www.gsr-consulting.at\/wp-content\/uploads\/teamazing-logo-1.png\"><img loading=\"lazy\" decoding=\"async\" width=\"295\" height=\"171\" src=\"https:\/\/www.gsr-consulting.at\/wp-content\/uploads\/teamazing-logo-1.png\" alt=\"\" class=\"wp-image-1343\"\/><\/a><\/figure><\/div><\/div>\n\n\n\n<div class=\"wp-block-column is-layout-flow wp-block-column-is-layout-flow\" style=\"flex-basis:66.66%\">\n<p>Wenn es darum geht etwas Dampf und Spass in die Projekte und Teams zu bringen ist Teambuilding von morgen gefragt. Teamazing macht Teambuilding zum Erlebnisbuilding und erzeugt eine positive Verkn\u00fcpfung zwischen Menschen, oder zu einem Thema.<\/p>\n<\/div>\n<\/div>\n\n\n\n<div class=\"wp-block-columns is-layout-flex wp-container-core-columns-is-layout-6 wp-block-columns-is-layout-flex\">\n<div class=\"wp-block-column is-layout-flow wp-block-column-is-layout-flow\" style=\"flex-basis:33.33%\"><div class=\"wp-block-image\">\n<figure class=\"aligncenter size-full\"><a href=\"https:\/\/www.gsr-consulting.at\/wp-content\/uploads\/ontalents-1.png\"><img loading=\"lazy\" decoding=\"async\" width=\"215\" height=\"52\" src=\"https:\/\/www.gsr-consulting.at\/wp-content\/uploads\/ontalents-1.png\" alt=\"\" class=\"wp-image-1344\"\/><\/a><\/figure><\/div><\/div>\n\n\n\n<div class=\"wp-block-column is-layout-flow wp-block-column-is-layout-flow\" style=\"flex-basis:66.66%\">\n<p>Ontalents unterst\u00fctzt mit den CAPTain Tools f\u00fcr Potenzialanalysen die Potenziale&nbsp; von Mitarbeitern sicher zu erkennen, um deren Weiterentwicklung gezielt zu unterst\u00fctzen. Auch im Recruiting Prozess stellen die CAPTain Tools eine zus\u00e4tzliche S\u00e4ule dar.<\/p>\n<\/div>\n<\/div>\n","protected":false},"excerpt":{"rendered":"<p>Erfolgreiche Projekte gelingen mit ausgew\u00e4hlten Partnern und einem Netzwerk aus Experten.&nbsp; JLI-Vision ist ein hochspezialisiertes Unternehmen zur ma\u00dfgeschneiderten Automatisierung von&hellip;<\/p>\n","protected":false},"author":1,"featured_media":1196,"parent":0,"menu_order":0,"comment_status":"closed","ping_status":"open","template":"","meta":{"footnotes":""},"class_list":["post-267","page","type-page","status-publish","has-post-thumbnail","hentry"],"_links":{"self":[{"href":"https:\/\/www.gsr-consulting.at\/index.php?rest_route=\/wp\/v2\/pages\/267","targetHints":{"allow":["GET"]}}],"collection":[{"href":"https:\/\/www.gsr-consulting.at\/index.php?rest_route=\/wp\/v2\/pages"}],"about":[{"href":"https:\/\/www.gsr-consulting.at\/index.php?rest_route=\/wp\/v2\/types\/page"}],"author":[{"embeddable":true,"href":"https:\/\/www.gsr-consulting.at\/index.php?rest_route=\/wp\/v2\/users\/1"}],"replies":[{"embeddable":true,"href":"https:\/\/www.gsr-consulting.at\/index.php?rest_route=%2Fwp%2Fv2%2Fcomments&post=267"}],"version-history":[{"count":30,"href":"https:\/\/www.gsr-consulting.at\/index.php?rest_route=\/wp\/v2\/pages\/267\/revisions"}],"predecessor-version":[{"id":1345,"href":"https:\/\/www.gsr-consulting.at\/index.php?rest_route=\/wp\/v2\/pages\/267\/revisions\/1345"}],"wp:featuredmedia":[{"embeddable":true,"href":"https:\/\/www.gsr-consulting.at\/index.php?rest_route=\/wp\/v2\/media\/1196"}],"wp:attachment":[{"href":"https:\/\/www.gsr-consulting.at\/index.php?rest_route=%2Fwp%2Fv2%2Fmedia&parent=267"}],"curies":[{"name":"wp","href":"https:\/\/api.w.org\/{rel}","templated":true}]}}