{"id":917,"date":"2015-09-04T15:31:10","date_gmt":"2015-09-04T14:31:10","guid":{"rendered":"http:\/\/www.gsr-consulting.at\/?page_id=917"},"modified":"2021-01-13T12:35:49","modified_gmt":"2021-01-13T11:35:49","slug":"industrialisierung","status":"publish","type":"page","link":"https:\/\/www.gsr-consulting.at\/?page_id=917","title":{"rendered":"INDUSTRIE 4.0"},"content":{"rendered":"\n<div class=\"wp-block-media-text alignwide has-media-on-the-right is-stacked-on-mobile is-vertically-aligned-top\"><figure class=\"wp-block-media-text__media\"><img loading=\"lazy\" decoding=\"async\" width=\"704\" height=\"399\" src=\"httpss:\/\/www.gsr-consulting.at\/wp-content\/uploads\/aoi-2.jpg\" alt=\"\" class=\"wp-image-1153 size-full\" srcset=\"https:\/\/www.gsr-consulting.at\/wp-content\/uploads\/aoi-2.jpg 704w, https:\/\/www.gsr-consulting.at\/wp-content\/uploads\/aoi-2-300x170.jpg 300w\" sizes=\"auto, (max-width: 704px) 100vw, 704px\" \/><\/figure><div class=\"wp-block-media-text__content\">\n<p>Von herk\u00f6mmlichen <span style=\"color: #4b734b;\"><strong>Automatisierungsprojekten <\/strong><\/span>bis hin zur <span style=\"color: #4b734b;\"><strong>Automatisierung anspruchsvoller optischer Inspektionen<\/strong><\/span> werden gemeinsam mit ausgew\u00e4hlten Partnern innovative L\u00f6sungsans\u00e4tze erfolgreich umgesetzt.<\/p>\n<p>Gerne definiere ich, gemeinsam mit meinen Netzwerkpartnern, f\u00fcr Ihre Herausforderung eine individuell zugeschnittene Vorgehensweise und Projektorganisation.<\/p>\n\n\n\n<p><\/p>\n<\/div><\/div>\n","protected":false},"excerpt":{"rendered":"<p>Von herk\u00f6mmlichen Automatisierungsprojekten bis hin zur Automatisierung anspruchsvoller optischer Inspektionen werden gemeinsam mit ausgew\u00e4hlten Partnern innovative L\u00f6sungsans\u00e4tze erfolgreich umgesetzt. Gerne&hellip;<\/p>\n","protected":false},"author":1,"featured_media":1151,"parent":0,"menu_order":0,"comment_status":"closed","ping_status":"closed","template":"","meta":{"footnotes":""},"class_list":["post-917","page","type-page","status-publish","has-post-thumbnail","hentry"],"_links":{"self":[{"href":"https:\/\/www.gsr-consulting.at\/index.php?rest_route=\/wp\/v2\/pages\/917","targetHints":{"allow":["GET"]}}],"collection":[{"href":"https:\/\/www.gsr-consulting.at\/index.php?rest_route=\/wp\/v2\/pages"}],"about":[{"href":"https:\/\/www.gsr-consulting.at\/index.php?rest_route=\/wp\/v2\/types\/page"}],"author":[{"embeddable":true,"href":"https:\/\/www.gsr-consulting.at\/index.php?rest_route=\/wp\/v2\/users\/1"}],"replies":[{"embeddable":true,"href":"https:\/\/www.gsr-consulting.at\/index.php?rest_route=%2Fwp%2Fv2%2Fcomments&post=917"}],"version-history":[{"count":12,"href":"https:\/\/www.gsr-consulting.at\/index.php?rest_route=\/wp\/v2\/pages\/917\/revisions"}],"predecessor-version":[{"id":1238,"href":"https:\/\/www.gsr-consulting.at\/index.php?rest_route=\/wp\/v2\/pages\/917\/revisions\/1238"}],"wp:featuredmedia":[{"embeddable":true,"href":"https:\/\/www.gsr-consulting.at\/index.php?rest_route=\/wp\/v2\/media\/1151"}],"wp:attachment":[{"href":"https:\/\/www.gsr-consulting.at\/index.php?rest_route=%2Fwp%2Fv2%2Fmedia&parent=917"}],"curies":[{"name":"wp","href":"https:\/\/api.w.org\/{rel}","templated":true}]}}